{"id":3,"date":"2020-03-14T07:21:16","date_gmt":"2020-03-14T07:21:16","guid":{"rendered":"https:\/\/enhuaraz.com\/?page_id=3"},"modified":"2023-11-13T02:34:15","modified_gmt":"2023-11-13T07:34:15","slug":"politicas-privacidad","status":"publish","type":"page","link":"https:\/\/enhuaraz.com\/en\/politicas-privacidad\/","title":{"rendered":"Privacy policies"},"content":{"rendered":"<div data-elementor-type=\"wp-page\" data-elementor-id=\"3\" class=\"elementor elementor-3\" data-elementor-post-type=\"page\">\n\t\t\t\t\t\t<section class=\"elementor-section elementor-top-section elementor-element elementor-element-ccba374 elementor-section-boxed elementor-section-height-default elementor-section-height-default\" data-id=\"ccba374\" data-element_type=\"section\">\n\t\t\t\t\t\t<div class=\"elementor-container elementor-column-gap-default\">\n\t\t\t\t\t<div class=\"elementor-column elementor-col-100 elementor-top-column elementor-element elementor-element-9d45dad\" data-id=\"9d45dad\" data-element_type=\"column\">\n\t\t\t<div class=\"elementor-widget-wrap elementor-element-populated\">\n\t\t\t\t\t\t<section class=\"elementor-section elementor-inner-section elementor-element elementor-element-4f1bba3 elementor-section-boxed elementor-section-height-default elementor-section-height-default\" data-id=\"4f1bba3\" data-element_type=\"section\" data-settings=\"{&quot;background_background&quot;:&quot;classic&quot;}\">\n\t\t\t\t\t\t<div class=\"elementor-container elementor-column-gap-default\">\n\t\t\t\t\t<div class=\"elementor-column elementor-col-100 elementor-inner-column elementor-element elementor-element-fa07885\" data-id=\"fa07885\" data-element_type=\"column\">\n\t\t\t<div class=\"elementor-widget-wrap elementor-element-populated\">\n\t\t\t\t\t\t<div class=\"elementor-element elementor-element-984fd05 elementor-widget elementor-widget-text-editor\" data-id=\"984fd05\" data-element_type=\"widget\" data-widget_type=\"text-editor.default\">\n\t\t\t\t<div class=\"elementor-widget-container\">\n\t\t\t\t\t\t\t\t\t<p><em>Last update Saturday June 20, 2023 09:00 am. PE<\/em><\/p><h3>What information is collected?<\/h3><p>We collect information that you provide to us when you contact us, register your business or request information. By filling out the form on our website; You may be asked to enter your name, address, email, phone number and other information. However, by visiting our website you are doing so anonymously.<\/p><h3>Cookies and anonymous identifiers<\/h3><p>To ensure the optimal experience and navigability on our website we and our partners use various technologies to collect and store information when you visit our website, and this may include sending one or more cookies or anonymous identifiers to your device.<\/p><h3>How we use the information we collect<\/h3><p>All information we obtain may be used in one of the following ways:<\/p><ul class=\"list-1\"><li>To personalize your experience (your information helps us better respond to your individual needs)<\/li><li>To improve our website (We continually strive to improve our website offering based on the information and feedback we receive)<\/li><li>To improve our customer service (your information helps us respond more effectively to your customer service requests and support needs)<\/li><li>To process transactions your information; Whether public or private, it will not be sold, exchanged, transferred or given to any other company for any reason, without your consent, except for the express purpose of delivering the purchased product or requested service.<\/li><li>The email address you provide may be used to send you information, respond to questions, and\/or other requests or questions or special offers we may have.<\/li><\/ul><p>The information we collect is only limited to your name, address, telephone number, email and we also collect any preferences, queries or special considerations or instructions that you provide to us.<\/p><h3>Online Privacy Protection Law Compliance<\/h3><p>We comply with the requirements of COPPA (Children Online Privacy Protection Act), we do not collect any information from persons under 13 years of age. Our website, products and services are directed to individuals who are at least 13 years of age or older. The person requesting quotes or service may be asked about their age or date of birth.<\/p><h3>Online Privacy Policy<\/h3><p>This online privacy policy applies only to information collected through our website and not to information collected offline. By using our website you accept our online privacy policy.<\/p><h3>Changes to our privacy<\/h3><p>If we decide to change our privacy policy, we will post those changes on this page and\/or update the posted date of the Privacy Policy. It is your responsibility to read the new changes.<\/p><h3>Contact us<\/h3><p>If you have any questions about this privacy policy, you can contact us using our contact form.<\/p>\t\t\t\t\t\t\t\t<\/div>\n\t\t\t\t<\/div>\n\t\t\t\t\t<\/div>\n\t\t<\/div>\n\t\t\t\t\t<\/div>\n\t\t<\/section>\n\t\t\t\t\t<\/div>\n\t\t<\/div>\n\t\t\t\t\t<\/div>\n\t\t<\/section>\n\t\t\t\t<\/div>","protected":false},"excerpt":{"rendered":"<p>Last update Saturday June 20, 2023 09:00 am. PE What information is collected? We collect the information that<span class=\"excerpt-hellip\"> [\u2026]<\/span><\/p>","protected":false},"author":1,"featured_media":0,"parent":0,"menu_order":0,"comment_status":"closed","ping_status":"open","template":"","meta":{"footnotes":""},"class_list":["post-3","page","type-page","status-publish","hentry"],"yoast_head":"<!-- This site is optimized with the Yoast SEO plugin v26.4 - https:\/\/yoast.com\/wordpress\/plugins\/seo\/ -->\n<title>Politicas de Privacidad | EnHuaraz<\/title>\n<meta name=\"robots\" content=\"index, follow, max-snippet:-1, max-image-preview:large, max-video-preview:-1\" \/>\n<link rel=\"canonical\" href=\"https:\/\/enhuaraz.com\/en\/politicas-privacidad\/\" \/>\n<meta property=\"og:locale\" content=\"en_US\" \/>\n<meta property=\"og:type\" content=\"article\" \/>\n<meta property=\"og:title\" content=\"Politicas de Privacidad | EnHuaraz\" \/>\n<meta property=\"og:description\" content=\"\u00daltima actualizaci\u00f3n sabado 20 de junio de 2023 09:00 am. PE \u00bfQu\u00e9 informaci\u00f3n se recopila? Nosotros recopilamos la informaci\u00f3n que [\u2026]\" \/>\n<meta property=\"og:url\" content=\"https:\/\/enhuaraz.com\/en\/politicas-privacidad\/\" \/>\n<meta property=\"og:site_name\" content=\"EnHuaraz\" \/>\n<meta property=\"article:publisher\" content=\"https:\/\/www.facebook.com\/huaraz.biz\" \/>\n<meta property=\"article:modified_time\" content=\"2023-11-13T07:34:15+00:00\" \/>\n<meta property=\"og:image\" content=\"https:\/\/enhuaraz.com\/wp-content\/uploads\/hz.jpg\" \/>\n\t<meta property=\"og:image:width\" content=\"1200\" \/>\n\t<meta property=\"og:image:height\" content=\"600\" \/>\n\t<meta property=\"og:image:type\" content=\"image\/jpeg\" \/>\n<meta name=\"twitter:card\" content=\"summary_large_image\" \/>\n<meta name=\"twitter:label1\" content=\"Est. reading time\" \/>\n\t<meta name=\"twitter:data1\" content=\"3 minutes\" \/>\n<script type=\"application\/ld+json\" class=\"yoast-schema-graph\">{\"@context\":\"https:\/\/schema.org\",\"@graph\":[{\"@type\":\"WebPage\",\"@id\":\"https:\/\/enhuaraz.com\/politicas-privacidad\/\",\"url\":\"https:\/\/enhuaraz.com\/politicas-privacidad\/\",\"name\":\"Politicas de Privacidad | EnHuaraz\",\"isPartOf\":{\"@id\":\"https:\/\/enhuaraz.com\/#website\"},\"datePublished\":\"2020-03-14T07:21:16+00:00\",\"dateModified\":\"2023-11-13T07:34:15+00:00\",\"breadcrumb\":{\"@id\":\"https:\/\/enhuaraz.com\/politicas-privacidad\/#breadcrumb\"},\"inLanguage\":\"en-US\",\"potentialAction\":[{\"@type\":\"ReadAction\",\"target\":[\"https:\/\/enhuaraz.com\/politicas-privacidad\/\"]}]},{\"@type\":\"BreadcrumbList\",\"@id\":\"https:\/\/enhuaraz.com\/politicas-privacidad\/#breadcrumb\",\"itemListElement\":[{\"@type\":\"ListItem\",\"position\":1,\"name\":\"Inicio\",\"item\":\"https:\/\/enhuaraz.com\/\"},{\"@type\":\"ListItem\",\"position\":2,\"name\":\"Politicas de Privacidad\"}]},{\"@type\":\"WebSite\",\"@id\":\"https:\/\/enhuaraz.com\/#website\",\"url\":\"https:\/\/enhuaraz.com\/\",\"name\":\"EnHuaraz\",\"description\":\"Directorio Turistico y Empresarial de Huaraz\",\"publisher\":{\"@id\":\"https:\/\/enhuaraz.com\/#organization\"},\"alternateName\":\"En Huaraz\",\"potentialAction\":[{\"@type\":\"SearchAction\",\"target\":{\"@type\":\"EntryPoint\",\"urlTemplate\":\"https:\/\/enhuaraz.com\/?s={search_term_string}\"},\"query-input\":{\"@type\":\"PropertyValueSpecification\",\"valueRequired\":true,\"valueName\":\"search_term_string\"}}],\"inLanguage\":\"en-US\"},{\"@type\":\"Organization\",\"@id\":\"https:\/\/enhuaraz.com\/#organization\",\"name\":\"EnHuaraz\",\"alternateName\":\"En Huaraz\",\"url\":\"https:\/\/enhuaraz.com\/\",\"logo\":{\"@type\":\"ImageObject\",\"inLanguage\":\"en-US\",\"@id\":\"https:\/\/enhuaraz.com\/#\/schema\/logo\/image\/\",\"url\":\"https:\/\/enhuaraz.com\/wp-content\/uploads\/hz.jpg\",\"contentUrl\":\"https:\/\/enhuaraz.com\/wp-content\/uploads\/hz.jpg\",\"width\":1200,\"height\":600,\"caption\":\"EnHuaraz\"},\"image\":{\"@id\":\"https:\/\/enhuaraz.com\/#\/schema\/logo\/image\/\"},\"sameAs\":[\"https:\/\/www.facebook.com\/huaraz.biz\"]}]}<\/script>\n<!-- \/ Yoast SEO plugin. -->","yoast_head_json":{"title":"Politicas de Privacidad | EnHuaraz","robots":{"index":"index","follow":"follow","max-snippet":"max-snippet:-1","max-image-preview":"max-image-preview:large","max-video-preview":"max-video-preview:-1"},"canonical":"https:\/\/enhuaraz.com\/en\/politicas-privacidad\/","og_locale":"en_US","og_type":"article","og_title":"Politicas de Privacidad | EnHuaraz","og_description":"\u00daltima actualizaci\u00f3n sabado 20 de junio de 2023 09:00 am. PE \u00bfQu\u00e9 informaci\u00f3n se recopila? Nosotros recopilamos la informaci\u00f3n que [\u2026]","og_url":"https:\/\/enhuaraz.com\/en\/politicas-privacidad\/","og_site_name":"EnHuaraz","article_publisher":"https:\/\/www.facebook.com\/huaraz.biz","article_modified_time":"2023-11-13T07:34:15+00:00","og_image":[{"width":1200,"height":600,"url":"https:\/\/enhuaraz.com\/wp-content\/uploads\/hz.jpg","type":"image\/jpeg"}],"twitter_card":"summary_large_image","twitter_misc":{"Est. reading time":"3 minutes"},"schema":{"@context":"https:\/\/schema.org","@graph":[{"@type":"WebPage","@id":"https:\/\/enhuaraz.com\/politicas-privacidad\/","url":"https:\/\/enhuaraz.com\/politicas-privacidad\/","name":"Politicas de Privacidad | EnHuaraz","isPartOf":{"@id":"https:\/\/enhuaraz.com\/#website"},"datePublished":"2020-03-14T07:21:16+00:00","dateModified":"2023-11-13T07:34:15+00:00","breadcrumb":{"@id":"https:\/\/enhuaraz.com\/politicas-privacidad\/#breadcrumb"},"inLanguage":"en-US","potentialAction":[{"@type":"ReadAction","target":["https:\/\/enhuaraz.com\/politicas-privacidad\/"]}]},{"@type":"BreadcrumbList","@id":"https:\/\/enhuaraz.com\/politicas-privacidad\/#breadcrumb","itemListElement":[{"@type":"ListItem","position":1,"name":"Inicio","item":"https:\/\/enhuaraz.com\/"},{"@type":"ListItem","position":2,"name":"Politicas de Privacidad"}]},{"@type":"WebSite","@id":"https:\/\/enhuaraz.com\/#website","url":"https:\/\/enhuaraz.com\/","name":"InHuaraz","description":"Huaraz Tourist and Business Directory","publisher":{"@id":"https:\/\/enhuaraz.com\/#organization"},"alternateName":"En Huaraz","potentialAction":[{"@type":"SearchAction","target":{"@type":"EntryPoint","urlTemplate":"https:\/\/enhuaraz.com\/?s={search_term_string}"},"query-input":{"@type":"PropertyValueSpecification","valueRequired":true,"valueName":"search_term_string"}}],"inLanguage":"en-US"},{"@type":"Organization","@id":"https:\/\/enhuaraz.com\/#organization","name":"InHuaraz","alternateName":"En Huaraz","url":"https:\/\/enhuaraz.com\/","logo":{"@type":"ImageObject","inLanguage":"en-US","@id":"https:\/\/enhuaraz.com\/#\/schema\/logo\/image\/","url":"https:\/\/enhuaraz.com\/wp-content\/uploads\/hz.jpg","contentUrl":"https:\/\/enhuaraz.com\/wp-content\/uploads\/hz.jpg","width":1200,"height":600,"caption":"EnHuaraz"},"image":{"@id":"https:\/\/enhuaraz.com\/#\/schema\/logo\/image\/"},"sameAs":["https:\/\/www.facebook.com\/huaraz.biz"]}]}},"_links":{"self":[{"href":"https:\/\/enhuaraz.com\/en\/wp-json\/wp\/v2\/pages\/3","targetHints":{"allow":["GET"]}}],"collection":[{"href":"https:\/\/enhuaraz.com\/en\/wp-json\/wp\/v2\/pages"}],"about":[{"href":"https:\/\/enhuaraz.com\/en\/wp-json\/wp\/v2\/types\/page"}],"author":[{"embeddable":true,"href":"https:\/\/enhuaraz.com\/en\/wp-json\/wp\/v2\/users\/1"}],"replies":[{"embeddable":true,"href":"https:\/\/enhuaraz.com\/en\/wp-json\/wp\/v2\/comments?post=3"}],"version-history":[{"count":4,"href":"https:\/\/enhuaraz.com\/en\/wp-json\/wp\/v2\/pages\/3\/revisions"}],"predecessor-version":[{"id":22554,"href":"https:\/\/enhuaraz.com\/en\/wp-json\/wp\/v2\/pages\/3\/revisions\/22554"}],"wp:attachment":[{"href":"https:\/\/enhuaraz.com\/en\/wp-json\/wp\/v2\/media?parent=3"}],"curies":[{"name":"wp","href":"https:\/\/api.w.org\/{rel}","templated":true}]}}