{"id":22701,"date":"2023-11-15T18:57:14","date_gmt":"2023-11-15T23:57:14","guid":{"rendered":"https:\/\/enhuaraz.com\/?page_id=22701"},"modified":"2023-12-21T09:30:44","modified_gmt":"2023-12-21T14:30:44","slug":"gastronomia-huaraz","status":"publish","type":"page","link":"https:\/\/enhuaraz.com\/en\/huaraz-info\/gastronomia-huaraz\/","title":{"rendered":"Huaracina Gastronomy"},"content":{"rendered":"<div data-elementor-type=\"wp-page\" data-elementor-id=\"22701\" class=\"elementor elementor-22701\" data-elementor-post-type=\"page\">\n\t\t\t\t\t\t<section class=\"elementor-section elementor-top-section elementor-element elementor-element-58b75f8 elementor-section-boxed elementor-section-height-default elementor-section-height-default\" data-id=\"58b75f8\" data-element_type=\"section\">\n\t\t\t\t\t\t<div class=\"elementor-container elementor-column-gap-default\">\n\t\t\t\t\t<div class=\"elementor-column elementor-col-100 elementor-top-column elementor-element elementor-element-38f061b\" data-id=\"38f061b\" data-element_type=\"column\">\n\t\t\t<div class=\"elementor-widget-wrap elementor-element-populated\">\n\t\t\t\t\t\t<div class=\"elementor-element elementor-element-ef53015 elementor-widget elementor-widget-text-editor\" data-id=\"ef53015\" data-element_type=\"widget\" data-widget_type=\"text-editor.default\">\n\t\t\t\t<div class=\"elementor-widget-container\">\n\t\t\t\t\t\t\t\t\t<p>Huaraz is one of the cities with the most delicious typical dishes in the region, where it enchants every tourist who visits in every season of the year.<\/p><p>The gastronomy of Huaraz, capital of the department of \u00c1ncash, is one of the richest and most varied in Peru. Heir to a long culinary tradition, Huaracina cuisine is characterized by its intense flavors, its use of local ingredients and its adaptation to the climatic conditions of the region.<\/p><h5>Potato, an essential ingredient<\/h5><p>The potato is the main ingredient of Huaracina gastronomy. More than 3,000 varieties of this tuber are grown in the region, which is used in a wide variety of dishes, from soups and stews to desserts.<\/p><p>By delighting in each stew in the city, it is one of the best ways to also get to know the cultures of the towns of the Huaylas alley. Among the most recognized and delicious dishes of the city of Huaraz we have:<\/p>\t\t\t\t\t\t\t\t<\/div>\n\t\t\t\t<\/div>\n\t\t\t\t<div class=\"elementor-element elementor-element-fc17884 elementor-widget elementor-widget-text-editor\" data-id=\"fc17884\" data-element_type=\"widget\" data-widget_type=\"text-editor.default\">\n\t\t\t\t<div class=\"elementor-widget-container\">\n\t\t\t\t\t\t\t\t\t<h4>The most popular typical dishes of Huaraz are:<\/h4><ul><li><p><strong>Pecan Broth (Head Broth):\u00a0<\/strong>A thick and aromatic soup made with lamb&#039;s head, potatoes, mote and mint.<\/p><\/li><li><p><strong>Llunca Cashki:\u00a0<\/strong>A creamy soup based on ground wheat, potatoes, aromatic herbs, vegetables and chicken.<\/p><\/li><li><p><strong>Cuchicanca:<\/strong> An oven-roasted pork marinated in a mixture of vinegar, chili, garlic, salt, pepper and cumin.<\/p><\/li><li><p><strong>Spicy guinea pig:\u00a0<\/strong>A guinea pig stew, a large rodent that is a delicacy in Peruvian cuisine.<\/p><\/li><li><p><strong>Pachamanca:\u00a0<\/strong>A pre-Inca dish that consists of a mixture of meats, potatoes, corn and other vegetables cooked in an underground oven.<\/p><\/li><li><p><strong>Soup:\u00a0<\/strong>A soup based on cabbage, beef, pork and mutton, and corn.<\/p><\/li><li><p><strong>Fried trout:<\/strong>\u00a0A dish of fresh trout, a river fish that is very popular in the region.<\/p><\/li><li><p><strong>Chocho ceviche:<\/strong>\u00a0a ceviche made with chocho, a legume that is cooked for a full day.<\/p><\/li><li><p><strong>Charqui<\/strong><\/p><\/li><li><p><strong>Tamales<\/strong><\/p><\/li><li><p><strong>Huallpa Broth<\/strong><\/p><\/li><li><p><strong>humita<\/strong><\/p><\/li><li><p><strong>Shakwi<\/strong><\/p><\/li><li><p><strong>Pork rind<\/strong><\/p><\/li><li><p><strong>Cuchi Canca<\/strong><\/p><\/li><\/ul>\t\t\t\t\t\t\t\t<\/div>\n\t\t\t\t<\/div>\n\t\t\t\t<div class=\"elementor-element elementor-element-5581232 elementor-widget elementor-widget-text-editor\" data-id=\"5581232\" data-element_type=\"widget\" data-widget_type=\"text-editor.default\">\n\t\t\t\t<div class=\"elementor-widget-container\">\n\t\t\t\t\t\t\t\t\t<h4>Typical drinks:<\/h4><p>The typical drinks of Huaraz are also very varied. Among the most popular are:<\/p><ul><li><p><strong>Chicha de jora:\u00a0<\/strong>A craft beer made with malted corn.<\/p><\/li><li><p><strong>Machica:<\/strong>\u00a0An atol of toasted barley flour.<\/p><\/li><\/ul>\t\t\t\t\t\t\t\t<\/div>\n\t\t\t\t<\/div>\n\t\t\t\t<div class=\"elementor-element elementor-element-6b70bc3 elementor-widget elementor-widget-text-editor\" data-id=\"6b70bc3\" data-element_type=\"widget\" data-widget_type=\"text-editor.default\">\n\t\t\t\t<div class=\"elementor-widget-container\">\n\t\t\t\t\t\t\t\t\t<h4>Typical desserts:<\/h4><p>The Huaracina sweet shop also has a lot to offer. Some of the most popular typical desserts are:<\/p><ul><li><p><strong>Api (Sweet Pumpkin):\u00a0<\/strong>A pumpkin custard with cinnamon and cloves.<\/p><\/li><li><p><strong>Wawa:\u00a0<\/strong>A sweet bread in the shape of a baby that is served during the day of the dead.<\/p><\/li><li><p><strong>Elderberry and aguaymanto jams:\u00a0<\/strong>Two Andean fruits very popular in the region.<\/p><\/li><\/ul>\t\t\t\t\t\t\t\t<\/div>\n\t\t\t\t<\/div>\n\t\t\t\t<div class=\"elementor-element elementor-element-03fa38d elementor-widget elementor-widget-text-editor\" data-id=\"03fa38d\" data-element_type=\"widget\" data-widget_type=\"text-editor.default\">\n\t\t\t\t<div class=\"elementor-widget-container\">\n\t\t\t\t\t\t\t\t\t<p>Huaracina gastronomy is a unique experience that combines the flavors of Andean tradition with the ingredients and techniques of modern cuisine. A visit to Huaraz would not be complete without trying some of these delicious dishes.<\/p>\t\t\t\t\t\t\t\t<\/div>\n\t\t\t\t<\/div>\n\t\t\t\t\t<\/div>\n\t\t<\/div>\n\t\t\t\t\t<\/div>\n\t\t<\/section>\n\t\t\t\t<\/div>","protected":false},"excerpt":{"rendered":"<p>Huaraz is one of the cities with the most delicious typical dishes in the region, where every tourist enchants.<span class=\"excerpt-hellip\"> [\u2026]<\/span><\/p>","protected":false},"author":1,"featured_media":0,"parent":22642,"menu_order":0,"comment_status":"closed","ping_status":"closed","template":"","meta":{"footnotes":""},"class_list":["post-22701","page","type-page","status-publish","hentry"],"yoast_head":"<!-- This site is optimized with the Yoast SEO plugin v26.4 - https:\/\/yoast.com\/wordpress\/plugins\/seo\/ -->\n<title>Gastronom\u00eda Huaracina | EnHuaraz<\/title>\n<meta name=\"robots\" content=\"index, follow, max-snippet:-1, max-image-preview:large, max-video-preview:-1\" \/>\n<link rel=\"canonical\" href=\"https:\/\/enhuaraz.com\/en\/huaraz-info\/gastronomia-huaraz\/\" \/>\n<meta property=\"og:locale\" content=\"en_US\" \/>\n<meta property=\"og:type\" content=\"article\" \/>\n<meta property=\"og:title\" content=\"Gastronom\u00eda Huaracina | EnHuaraz\" \/>\n<meta property=\"og:description\" content=\"Huaraz es una de las ciudades con los platos t\u00edpicos m\u00e1s deliciosos de la regi\u00f3n, donde encanta a cada turista [\u2026]\" \/>\n<meta property=\"og:url\" content=\"https:\/\/enhuaraz.com\/en\/huaraz-info\/gastronomia-huaraz\/\" \/>\n<meta property=\"og:site_name\" content=\"EnHuaraz\" \/>\n<meta property=\"article:publisher\" content=\"https:\/\/www.facebook.com\/huaraz.biz\" \/>\n<meta property=\"article:modified_time\" content=\"2023-12-21T14:30:44+00:00\" \/>\n<meta property=\"og:image\" content=\"https:\/\/enhuaraz.com\/wp-content\/uploads\/hz.jpg\" \/>\n\t<meta property=\"og:image:width\" content=\"1200\" \/>\n\t<meta property=\"og:image:height\" content=\"600\" \/>\n\t<meta property=\"og:image:type\" content=\"image\/jpeg\" \/>\n<meta name=\"twitter:card\" content=\"summary_large_image\" \/>\n<meta name=\"twitter:label1\" content=\"Est. reading time\" \/>\n\t<meta name=\"twitter:data1\" content=\"3 minutes\" \/>\n<script type=\"application\/ld+json\" class=\"yoast-schema-graph\">{\"@context\":\"https:\/\/schema.org\",\"@graph\":[{\"@type\":\"WebPage\",\"@id\":\"https:\/\/enhuaraz.com\/huaraz-info\/gastronomia-huaraz\/\",\"url\":\"https:\/\/enhuaraz.com\/huaraz-info\/gastronomia-huaraz\/\",\"name\":\"Gastronom\u00eda Huaracina | EnHuaraz\",\"isPartOf\":{\"@id\":\"https:\/\/enhuaraz.com\/#website\"},\"datePublished\":\"2023-11-15T23:57:14+00:00\",\"dateModified\":\"2023-12-21T14:30:44+00:00\",\"breadcrumb\":{\"@id\":\"https:\/\/enhuaraz.com\/huaraz-info\/gastronomia-huaraz\/#breadcrumb\"},\"inLanguage\":\"en-US\",\"potentialAction\":[{\"@type\":\"ReadAction\",\"target\":[\"https:\/\/enhuaraz.com\/huaraz-info\/gastronomia-huaraz\/\"]}]},{\"@type\":\"BreadcrumbList\",\"@id\":\"https:\/\/enhuaraz.com\/huaraz-info\/gastronomia-huaraz\/#breadcrumb\",\"itemListElement\":[{\"@type\":\"ListItem\",\"position\":1,\"name\":\"Inicio\",\"item\":\"https:\/\/enhuaraz.com\/\"},{\"@type\":\"ListItem\",\"position\":2,\"name\":\"Huaraz\",\"item\":\"https:\/\/enhuaraz.com\/huaraz-info\/\"},{\"@type\":\"ListItem\",\"position\":3,\"name\":\"Gastronom\u00eda Huaracina\"}]},{\"@type\":\"WebSite\",\"@id\":\"https:\/\/enhuaraz.com\/#website\",\"url\":\"https:\/\/enhuaraz.com\/\",\"name\":\"EnHuaraz\",\"description\":\"Directorio Turistico y Empresarial de Huaraz\",\"publisher\":{\"@id\":\"https:\/\/enhuaraz.com\/#organization\"},\"alternateName\":\"En Huaraz\",\"potentialAction\":[{\"@type\":\"SearchAction\",\"target\":{\"@type\":\"EntryPoint\",\"urlTemplate\":\"https:\/\/enhuaraz.com\/?s={search_term_string}\"},\"query-input\":{\"@type\":\"PropertyValueSpecification\",\"valueRequired\":true,\"valueName\":\"search_term_string\"}}],\"inLanguage\":\"en-US\"},{\"@type\":\"Organization\",\"@id\":\"https:\/\/enhuaraz.com\/#organization\",\"name\":\"EnHuaraz\",\"alternateName\":\"En Huaraz\",\"url\":\"https:\/\/enhuaraz.com\/\",\"logo\":{\"@type\":\"ImageObject\",\"inLanguage\":\"en-US\",\"@id\":\"https:\/\/enhuaraz.com\/#\/schema\/logo\/image\/\",\"url\":\"https:\/\/enhuaraz.com\/wp-content\/uploads\/hz.jpg\",\"contentUrl\":\"https:\/\/enhuaraz.com\/wp-content\/uploads\/hz.jpg\",\"width\":1200,\"height\":600,\"caption\":\"EnHuaraz\"},\"image\":{\"@id\":\"https:\/\/enhuaraz.com\/#\/schema\/logo\/image\/\"},\"sameAs\":[\"https:\/\/www.facebook.com\/huaraz.biz\"]}]}<\/script>\n<!-- \/ Yoast SEO plugin. -->","yoast_head_json":{"title":"Gastronom\u00eda Huaracina | EnHuaraz","robots":{"index":"index","follow":"follow","max-snippet":"max-snippet:-1","max-image-preview":"max-image-preview:large","max-video-preview":"max-video-preview:-1"},"canonical":"https:\/\/enhuaraz.com\/en\/huaraz-info\/gastronomia-huaraz\/","og_locale":"en_US","og_type":"article","og_title":"Gastronom\u00eda Huaracina | EnHuaraz","og_description":"Huaraz es una de las ciudades con los platos t\u00edpicos m\u00e1s deliciosos de la regi\u00f3n, donde encanta a cada turista [\u2026]","og_url":"https:\/\/enhuaraz.com\/en\/huaraz-info\/gastronomia-huaraz\/","og_site_name":"EnHuaraz","article_publisher":"https:\/\/www.facebook.com\/huaraz.biz","article_modified_time":"2023-12-21T14:30:44+00:00","og_image":[{"width":1200,"height":600,"url":"https:\/\/enhuaraz.com\/wp-content\/uploads\/hz.jpg","type":"image\/jpeg"}],"twitter_card":"summary_large_image","twitter_misc":{"Est. reading time":"3 minutes"},"schema":{"@context":"https:\/\/schema.org","@graph":[{"@type":"WebPage","@id":"https:\/\/enhuaraz.com\/huaraz-info\/gastronomia-huaraz\/","url":"https:\/\/enhuaraz.com\/huaraz-info\/gastronomia-huaraz\/","name":"Gastronom\u00eda Huaracina | EnHuaraz","isPartOf":{"@id":"https:\/\/enhuaraz.com\/#website"},"datePublished":"2023-11-15T23:57:14+00:00","dateModified":"2023-12-21T14:30:44+00:00","breadcrumb":{"@id":"https:\/\/enhuaraz.com\/huaraz-info\/gastronomia-huaraz\/#breadcrumb"},"inLanguage":"en-US","potentialAction":[{"@type":"ReadAction","target":["https:\/\/enhuaraz.com\/huaraz-info\/gastronomia-huaraz\/"]}]},{"@type":"BreadcrumbList","@id":"https:\/\/enhuaraz.com\/huaraz-info\/gastronomia-huaraz\/#breadcrumb","itemListElement":[{"@type":"ListItem","position":1,"name":"Inicio","item":"https:\/\/enhuaraz.com\/"},{"@type":"ListItem","position":2,"name":"Huaraz","item":"https:\/\/enhuaraz.com\/huaraz-info\/"},{"@type":"ListItem","position":3,"name":"Gastronom\u00eda Huaracina"}]},{"@type":"WebSite","@id":"https:\/\/enhuaraz.com\/#website","url":"https:\/\/enhuaraz.com\/","name":"InHuaraz","description":"Huaraz Tourist and Business Directory","publisher":{"@id":"https:\/\/enhuaraz.com\/#organization"},"alternateName":"En Huaraz","potentialAction":[{"@type":"SearchAction","target":{"@type":"EntryPoint","urlTemplate":"https:\/\/enhuaraz.com\/?s={search_term_string}"},"query-input":{"@type":"PropertyValueSpecification","valueRequired":true,"valueName":"search_term_string"}}],"inLanguage":"en-US"},{"@type":"Organization","@id":"https:\/\/enhuaraz.com\/#organization","name":"InHuaraz","alternateName":"En Huaraz","url":"https:\/\/enhuaraz.com\/","logo":{"@type":"ImageObject","inLanguage":"en-US","@id":"https:\/\/enhuaraz.com\/#\/schema\/logo\/image\/","url":"https:\/\/enhuaraz.com\/wp-content\/uploads\/hz.jpg","contentUrl":"https:\/\/enhuaraz.com\/wp-content\/uploads\/hz.jpg","width":1200,"height":600,"caption":"EnHuaraz"},"image":{"@id":"https:\/\/enhuaraz.com\/#\/schema\/logo\/image\/"},"sameAs":["https:\/\/www.facebook.com\/huaraz.biz"]}]}},"_links":{"self":[{"href":"https:\/\/enhuaraz.com\/en\/wp-json\/wp\/v2\/pages\/22701","targetHints":{"allow":["GET"]}}],"collection":[{"href":"https:\/\/enhuaraz.com\/en\/wp-json\/wp\/v2\/pages"}],"about":[{"href":"https:\/\/enhuaraz.com\/en\/wp-json\/wp\/v2\/types\/page"}],"author":[{"embeddable":true,"href":"https:\/\/enhuaraz.com\/en\/wp-json\/wp\/v2\/users\/1"}],"replies":[{"embeddable":true,"href":"https:\/\/enhuaraz.com\/en\/wp-json\/wp\/v2\/comments?post=22701"}],"version-history":[{"count":33,"href":"https:\/\/enhuaraz.com\/en\/wp-json\/wp\/v2\/pages\/22701\/revisions"}],"predecessor-version":[{"id":24636,"href":"https:\/\/enhuaraz.com\/en\/wp-json\/wp\/v2\/pages\/22701\/revisions\/24636"}],"up":[{"embeddable":true,"href":"https:\/\/enhuaraz.com\/en\/wp-json\/wp\/v2\/pages\/22642"}],"wp:attachment":[{"href":"https:\/\/enhuaraz.com\/en\/wp-json\/wp\/v2\/media?parent=22701"}],"curies":[{"name":"wp","href":"https:\/\/api.w.org\/{rel}","templated":true}]}}