{"id":22680,"date":"2023-11-15T18:52:55","date_gmt":"2023-11-15T23:52:55","guid":{"rendered":"https:\/\/enhuaraz.com\/?page_id=22680"},"modified":"2023-11-19T23:55:56","modified_gmt":"2023-11-20T04:55:56","slug":"festividades-huaraz","status":"publish","type":"page","link":"https:\/\/enhuaraz.com\/en\/huaraz-info\/festividades-huaraz\/","title":{"rendered":"Festivities in Huaraz"},"content":{"rendered":"<div data-elementor-type=\"wp-page\" data-elementor-id=\"22680\" class=\"elementor elementor-22680\" data-elementor-post-type=\"page\">\n\t\t\t\t\t\t<section class=\"elementor-section elementor-top-section elementor-element elementor-element-58b75f8 elementor-section-boxed elementor-section-height-default elementor-section-height-default\" data-id=\"58b75f8\" data-element_type=\"section\">\n\t\t\t\t\t\t<div class=\"elementor-container elementor-column-gap-default\">\n\t\t\t\t\t<div class=\"elementor-column elementor-col-100 elementor-top-column elementor-element elementor-element-38f061b\" data-id=\"38f061b\" data-element_type=\"column\">\n\t\t\t<div class=\"elementor-widget-wrap elementor-element-populated\">\n\t\t\t\t\t\t<div class=\"elementor-element elementor-element-1c53529 elementor-widget elementor-widget-text-editor\" data-id=\"1c53529\" data-element_type=\"widget\" data-widget_type=\"text-editor.default\">\n\t\t\t\t<div class=\"elementor-widget-container\">\n\t\t\t\t\t\t\t\t\t<p>Huaraz has different cultural festivities throughout the year where tourists from all over the world and inhabitants of the city visit and enjoy with great excitement each of the dates in the different months of the year.<\/p>\t\t\t\t\t\t\t\t<\/div>\n\t\t\t\t<\/div>\n\t\t\t\t<div class=\"elementor-element elementor-element-fc17884 elementor-widget elementor-widget-text-editor\" data-id=\"fc17884\" data-element_type=\"widget\" data-widget_type=\"text-editor.default\">\n\t\t\t\t<div class=\"elementor-widget-container\">\n\t\t\t\t\t\t\t\t\t<h4>January<\/h4><ul><li><p><strong>Festival of the Negritos of the Child Jesus (January 1)<\/strong> This festival is celebrated in Huaraz and other towns in the Callej\u00f3n de Huaylas. The participants, dressed in typical costumes, walk through the streets dancing and singing in honor of the Child Jesus.<\/p><\/li><\/ul><ul><li><p><strong>San Sebastian Festival (January 20)<\/strong> This festival is celebrated in Huaraz to commemorate the anniversary of the city&#039;s declaration as the capital of Ancash. There is live music, dancing, typical foods, crafts and other activities.<\/p><\/li><\/ul><ul><li><p><strong>Feast of the Virgin of Chiquinquir\u00e1 (January 20)<\/strong> This festival is celebrated in Caraz, San Sebasti\u00e1n and Recuay. The Virgin of Chiquinquir\u00e1 is an image of the Virgin Mary that is venerated in Colombia and other countries. In this festival, there are masses, processions and cultural events.<\/p><\/li><\/ul><h4>February<\/h4><ul><li><p><strong>Huaracino Carnival (February) <\/strong>This carnival is celebrated in Huaraz and other towns in the Callej\u00f3n de Huaylas. There are Comparsas, a parade of floats, the entrance of the \u00d1o-Carnaval\u00f3n and mowers or yunzas in all the neighborhoods of the city of Huaraz.<\/p><\/li><\/ul><h4>March April:<\/h4><ul><li><p><strong>Holy Week Huaracina <\/strong>Holy Week in Huaraz is carried out with a variety of religious activities with processions, the decoration of litters, preparation of carpets, visits to the city&#039;s temples and many more activities.<\/p><\/li><\/ul><h4>May<\/h4><ul><li><p><strong>Exaltation of the Holy Cross and Lord of May <\/strong>This is the busiest festival in Huaraz. The procession of the Lord of May, with the image of the Lord of Soledad, brings together thousands of people from all over Peru. Traditional festival that is celebrated every year in tribute to the Patron Lord of Solitude, accompanied by contests, dance festivals, novenas and processions which begins from May 2 to 10.<\/p><\/li><\/ul><ul><li><p><strong>Lord of Solitude (May 3-11) <\/strong>This festival is celebrated in Huaraz. The image of the Lord of Solitude is venerated in a sanctuary that was rebuilt after the 1970 earthquake. The procession of the image brings together thousands of devotees.<\/p><\/li><\/ul><h4>June<\/h4><ul><li><p><strong>Saint John the Baptist (June 24) <\/strong>This festival is celebrated in Huaraz and other towns in the Callej\u00f3n de Huaylas. The blessing of water is performed and Saint John the Baptist is venerated for being a protector of crops and livestock.<\/p><\/li><\/ul><ul><li><p><strong>adventure festival <\/strong>It takes place every year from June 25 to July 1, developing adventure sports activities, such as cycling, rock climbing, kayaking and conferences.<\/p><\/li><\/ul><h4>July<\/h4><ul><li><p><strong>Tourist week of the Callej\u00f3n de Huaylas <\/strong>This festival is celebrated in Huaraz and has the participation of tourism companies, artisans and local producers. There are craft exhibitions, typical foods, mountain tours, trekking, lagoons and climbing.<\/p><\/li><\/ul><ul><li><p><strong>Anniversary of the Creation of the Province of Huaraz <\/strong>The month where the Province of Huaraz celebrates its anniversary every year for its political creation. An event where social, cultural activities and fairs are held, which begins on July 20, the central day is July 25 and extends until the 30th of that same month.<\/p><\/li><\/ul><h4>August<\/h4><ul><li><p><strong>Feast of Our Lady of the Assumption of Chacas (August 13-22) <\/strong>This festival is celebrated in Chacas, a town on the eastern slope of the Cordillera Blanca. There is a procession, typical dances, bullfighting without death, exhibitions of agricultural products, crafts and flowers. The ribbon race on horseback, the mozo dance and the huanquilla step are also performed. The burning of fireworks takes place for five days.<\/p><\/li><\/ul><ul><li><p><strong>Se\u00f1or de Santa, Yungay (August 20-22) <\/strong>This festival is celebrated in Yungay, a town that was destroyed by the 1970 earthquake. The image of the Lord of Santa is venerated in the new town of Yungay. There is a procession, dancing and music.<\/p><\/li><\/ul><h4>December<\/h4><ul><li><p><strong>Christmas <\/strong>Christmas is celebrated in all the towns of the Callej\u00f3n de Huaylas. The streets are decorated and there is a party atmosphere, music and fun.<\/p><\/li><\/ul>\t\t\t\t\t\t\t\t<\/div>\n\t\t\t\t<\/div>\n\t\t\t\t\t<\/div>\n\t\t<\/div>\n\t\t\t\t\t<\/div>\n\t\t<\/section>\n\t\t\t\t<\/div>","protected":false},"excerpt":{"rendered":"<p>Huaraz has different cultural festivities throughout the year where tourists from all over the world and<span class=\"excerpt-hellip\"> [\u2026]<\/span><\/p>","protected":false},"author":1,"featured_media":0,"parent":22642,"menu_order":0,"comment_status":"closed","ping_status":"closed","template":"","meta":{"footnotes":""},"class_list":["post-22680","page","type-page","status-publish","hentry"],"yoast_head":"<!-- This site is optimized with the Yoast SEO plugin v26.4 - https:\/\/yoast.com\/wordpress\/plugins\/seo\/ -->\n<title>Tours &amp; Actividades en Huaraz | EnHuaraz<\/title>\n<meta name=\"description\" content=\"Lista aleatoria de agencias de viaje en Huaraz, tours y actividades Huaraz\" \/>\n<meta name=\"robots\" content=\"index, follow, max-snippet:-1, max-image-preview:large, max-video-preview:-1\" \/>\n<link rel=\"canonical\" href=\"https:\/\/enhuaraz.com\/en\/huaraz-info\/festividades-huaraz\/\" \/>\n<meta property=\"og:locale\" content=\"en_US\" \/>\n<meta property=\"og:type\" content=\"article\" \/>\n<meta property=\"og:title\" content=\"Tours &amp; Actividades en Huaraz | EnHuaraz\" \/>\n<meta property=\"og:description\" content=\"Lista aleatoria de agencias de viaje en Huaraz, tours y actividades Huaraz\" \/>\n<meta property=\"og:url\" content=\"https:\/\/enhuaraz.com\/en\/huaraz-info\/festividades-huaraz\/\" \/>\n<meta property=\"og:site_name\" content=\"EnHuaraz\" \/>\n<meta property=\"article:publisher\" content=\"https:\/\/www.facebook.com\/huaraz.biz\" \/>\n<meta property=\"article:modified_time\" content=\"2023-11-20T04:55:56+00:00\" \/>\n<meta property=\"og:image\" content=\"https:\/\/enhuaraz.com\/wp-content\/uploads\/hz.jpg\" \/>\n\t<meta property=\"og:image:width\" content=\"1200\" \/>\n\t<meta property=\"og:image:height\" content=\"600\" \/>\n\t<meta property=\"og:image:type\" content=\"image\/jpeg\" \/>\n<meta name=\"twitter:card\" content=\"summary_large_image\" \/>\n<meta name=\"twitter:label1\" content=\"Est. reading time\" \/>\n\t<meta name=\"twitter:data1\" content=\"4 minutes\" \/>\n<script type=\"application\/ld+json\" class=\"yoast-schema-graph\">{\"@context\":\"https:\/\/schema.org\",\"@graph\":[{\"@type\":\"WebPage\",\"@id\":\"https:\/\/enhuaraz.com\/huaraz-info\/festividades-huaraz\/\",\"url\":\"https:\/\/enhuaraz.com\/huaraz-info\/festividades-huaraz\/\",\"name\":\"Tours & Actividades en Huaraz | EnHuaraz\",\"isPartOf\":{\"@id\":\"https:\/\/enhuaraz.com\/#website\"},\"datePublished\":\"2023-11-15T23:52:55+00:00\",\"dateModified\":\"2023-11-20T04:55:56+00:00\",\"description\":\"Lista aleatoria de agencias de viaje en Huaraz, tours y actividades Huaraz\",\"breadcrumb\":{\"@id\":\"https:\/\/enhuaraz.com\/huaraz-info\/festividades-huaraz\/#breadcrumb\"},\"inLanguage\":\"en-US\",\"potentialAction\":[{\"@type\":\"ReadAction\",\"target\":[\"https:\/\/enhuaraz.com\/huaraz-info\/festividades-huaraz\/\"]}]},{\"@type\":\"BreadcrumbList\",\"@id\":\"https:\/\/enhuaraz.com\/huaraz-info\/festividades-huaraz\/#breadcrumb\",\"itemListElement\":[{\"@type\":\"ListItem\",\"position\":1,\"name\":\"Inicio\",\"item\":\"https:\/\/enhuaraz.com\/\"},{\"@type\":\"ListItem\",\"position\":2,\"name\":\"Huaraz\",\"item\":\"https:\/\/enhuaraz.com\/huaraz-info\/\"},{\"@type\":\"ListItem\",\"position\":3,\"name\":\"Festividades en Huaraz\"}]},{\"@type\":\"WebSite\",\"@id\":\"https:\/\/enhuaraz.com\/#website\",\"url\":\"https:\/\/enhuaraz.com\/\",\"name\":\"EnHuaraz\",\"description\":\"Directorio Turistico y Empresarial de Huaraz\",\"publisher\":{\"@id\":\"https:\/\/enhuaraz.com\/#organization\"},\"alternateName\":\"En Huaraz\",\"potentialAction\":[{\"@type\":\"SearchAction\",\"target\":{\"@type\":\"EntryPoint\",\"urlTemplate\":\"https:\/\/enhuaraz.com\/?s={search_term_string}\"},\"query-input\":{\"@type\":\"PropertyValueSpecification\",\"valueRequired\":true,\"valueName\":\"search_term_string\"}}],\"inLanguage\":\"en-US\"},{\"@type\":\"Organization\",\"@id\":\"https:\/\/enhuaraz.com\/#organization\",\"name\":\"EnHuaraz\",\"alternateName\":\"En Huaraz\",\"url\":\"https:\/\/enhuaraz.com\/\",\"logo\":{\"@type\":\"ImageObject\",\"inLanguage\":\"en-US\",\"@id\":\"https:\/\/enhuaraz.com\/#\/schema\/logo\/image\/\",\"url\":\"https:\/\/enhuaraz.com\/wp-content\/uploads\/hz.jpg\",\"contentUrl\":\"https:\/\/enhuaraz.com\/wp-content\/uploads\/hz.jpg\",\"width\":1200,\"height\":600,\"caption\":\"EnHuaraz\"},\"image\":{\"@id\":\"https:\/\/enhuaraz.com\/#\/schema\/logo\/image\/\"},\"sameAs\":[\"https:\/\/www.facebook.com\/huaraz.biz\"]}]}<\/script>\n<!-- \/ Yoast SEO plugin. -->","yoast_head_json":{"title":"Tours & Actividades en Huaraz | EnHuaraz","description":"Lista aleatoria de agencias de viaje en Huaraz, tours y actividades Huaraz","robots":{"index":"index","follow":"follow","max-snippet":"max-snippet:-1","max-image-preview":"max-image-preview:large","max-video-preview":"max-video-preview:-1"},"canonical":"https:\/\/enhuaraz.com\/en\/huaraz-info\/festividades-huaraz\/","og_locale":"en_US","og_type":"article","og_title":"Tours & Actividades en Huaraz | EnHuaraz","og_description":"Lista aleatoria de agencias de viaje en Huaraz, tours y actividades Huaraz","og_url":"https:\/\/enhuaraz.com\/en\/huaraz-info\/festividades-huaraz\/","og_site_name":"EnHuaraz","article_publisher":"https:\/\/www.facebook.com\/huaraz.biz","article_modified_time":"2023-11-20T04:55:56+00:00","og_image":[{"width":1200,"height":600,"url":"https:\/\/enhuaraz.com\/wp-content\/uploads\/hz.jpg","type":"image\/jpeg"}],"twitter_card":"summary_large_image","twitter_misc":{"Est. reading time":"4 minutes"},"schema":{"@context":"https:\/\/schema.org","@graph":[{"@type":"WebPage","@id":"https:\/\/enhuaraz.com\/huaraz-info\/festividades-huaraz\/","url":"https:\/\/enhuaraz.com\/huaraz-info\/festividades-huaraz\/","name":"Tours & Actividades en Huaraz | EnHuaraz","isPartOf":{"@id":"https:\/\/enhuaraz.com\/#website"},"datePublished":"2023-11-15T23:52:55+00:00","dateModified":"2023-11-20T04:55:56+00:00","description":"Lista aleatoria de agencias de viaje en Huaraz, tours y actividades Huaraz","breadcrumb":{"@id":"https:\/\/enhuaraz.com\/huaraz-info\/festividades-huaraz\/#breadcrumb"},"inLanguage":"en-US","potentialAction":[{"@type":"ReadAction","target":["https:\/\/enhuaraz.com\/huaraz-info\/festividades-huaraz\/"]}]},{"@type":"BreadcrumbList","@id":"https:\/\/enhuaraz.com\/huaraz-info\/festividades-huaraz\/#breadcrumb","itemListElement":[{"@type":"ListItem","position":1,"name":"Inicio","item":"https:\/\/enhuaraz.com\/"},{"@type":"ListItem","position":2,"name":"Huaraz","item":"https:\/\/enhuaraz.com\/huaraz-info\/"},{"@type":"ListItem","position":3,"name":"Festividades en Huaraz"}]},{"@type":"WebSite","@id":"https:\/\/enhuaraz.com\/#website","url":"https:\/\/enhuaraz.com\/","name":"InHuaraz","description":"Huaraz Tourist and Business Directory","publisher":{"@id":"https:\/\/enhuaraz.com\/#organization"},"alternateName":"En Huaraz","potentialAction":[{"@type":"SearchAction","target":{"@type":"EntryPoint","urlTemplate":"https:\/\/enhuaraz.com\/?s={search_term_string}"},"query-input":{"@type":"PropertyValueSpecification","valueRequired":true,"valueName":"search_term_string"}}],"inLanguage":"en-US"},{"@type":"Organization","@id":"https:\/\/enhuaraz.com\/#organization","name":"InHuaraz","alternateName":"En Huaraz","url":"https:\/\/enhuaraz.com\/","logo":{"@type":"ImageObject","inLanguage":"en-US","@id":"https:\/\/enhuaraz.com\/#\/schema\/logo\/image\/","url":"https:\/\/enhuaraz.com\/wp-content\/uploads\/hz.jpg","contentUrl":"https:\/\/enhuaraz.com\/wp-content\/uploads\/hz.jpg","width":1200,"height":600,"caption":"EnHuaraz"},"image":{"@id":"https:\/\/enhuaraz.com\/#\/schema\/logo\/image\/"},"sameAs":["https:\/\/www.facebook.com\/huaraz.biz"]}]}},"_links":{"self":[{"href":"https:\/\/enhuaraz.com\/en\/wp-json\/wp\/v2\/pages\/22680","targetHints":{"allow":["GET"]}}],"collection":[{"href":"https:\/\/enhuaraz.com\/en\/wp-json\/wp\/v2\/pages"}],"about":[{"href":"https:\/\/enhuaraz.com\/en\/wp-json\/wp\/v2\/types\/page"}],"author":[{"embeddable":true,"href":"https:\/\/enhuaraz.com\/en\/wp-json\/wp\/v2\/users\/1"}],"replies":[{"embeddable":true,"href":"https:\/\/enhuaraz.com\/en\/wp-json\/wp\/v2\/comments?post=22680"}],"version-history":[{"count":25,"href":"https:\/\/enhuaraz.com\/en\/wp-json\/wp\/v2\/pages\/22680\/revisions"}],"predecessor-version":[{"id":23583,"href":"https:\/\/enhuaraz.com\/en\/wp-json\/wp\/v2\/pages\/22680\/revisions\/23583"}],"up":[{"embeddable":true,"href":"https:\/\/enhuaraz.com\/en\/wp-json\/wp\/v2\/pages\/22642"}],"wp:attachment":[{"href":"https:\/\/enhuaraz.com\/en\/wp-json\/wp\/v2\/media?parent=22680"}],"curies":[{"name":"wp","href":"https:\/\/api.w.org\/{rel}","templated":true}]}}